{"id":1699,"date":"2018-07-08T16:59:24","date_gmt":"2018-07-08T14:59:24","guid":{"rendered":"https:\/\/dschinghis-khan.com\/die-geschichte-der-legendaeren-gruppe-dschinghis-khan\/"},"modified":"2019-04-03T21:20:26","modified_gmt":"2019-04-03T19:20:26","slug":"die-geschichte-der-legendaeren-gruppe-dschinghis-khan","status":"publish","type":"page","link":"https:\/\/dschinghis-khan.com\/en\/die-geschichte-der-legendaeren-gruppe-dschinghis-khan\/","title":{"rendered":"The Story of the legendary Pop group Dschinghis Khan"},"content":{"rendered":"<p><div class=\"fusion-fullwidth fullwidth-box fusion-builder-row-1 nonhundred-percent-fullwidth non-hundred-percent-height-scrolling\" style=\"--awb-border-radius-top-left:0px;--awb-border-radius-top-right:0px;--awb-border-radius-bottom-right:0px;--awb-border-radius-bottom-left:0px;\" ><div class=\"fusion-builder-row fusion-row\"><div class=\"fusion-layout-column fusion_builder_column fusion-builder-column-0 fusion_builder_column_1_1 1_1 fusion-one-full fusion-column-first fusion-column-last\" style=\"--awb-bg-size:cover;\"><div class=\"fusion-column-wrapper fusion-flex-column-wrapper-legacy\"><div class=\"fusion-title title fusion-title-1 fusion-sep-none fusion-title-center fusion-title-text fusion-title-size-one\"><h1 class=\"title-heading-center fusion-responsive-typography-calculated\" style=\"margin:0;--fontSize:40;line-height:1.08;\">The Story of the legendary Pop group Dschinghis Khan<\/h1><\/div><div class=\"fusion-text fusion-text-1\"><p><img decoding=\"async\" class=\"alignright size-medium wp-image-925\" src=\"https:\/\/dschinghis-khan.com\/wp-content\/uploads\/2018\/06\/gesch3_pic1-151x300.jpg\" alt=\"\" width=\"151\" height=\"300\" srcset=\"https:\/\/dschinghis-khan.com\/wp-content\/uploads\/2018\/06\/gesch3_pic1-151x300.jpg 151w, https:\/\/dschinghis-khan.com\/wp-content\/uploads\/2018\/06\/gesch3_pic1-200x396.jpg 200w, https:\/\/dschinghis-khan.com\/wp-content\/uploads\/2018\/06\/gesch3_pic1.jpg 386w\" sizes=\"(max-width: 151px) 100vw, 151px\" \/>A young journalist described the phenomenon of &#8220;Dschinghis Khan&#8221; in a magazine for young people in April 1980: \u201cSome practice day and night for years. They want to appear on the TV or at least in the recording studio. But they end up playing in the town sports clubs and the fireman\u2019s ball. Pop music is a tough nut to crack. However, there are also masterminds on the scene. For example, the \u201csuper group\u201d Dschinghis Khan. This group had already released a hit record before they even came into being. Their hit \u2013 also called &#8216;Dschinghis Khan&#8217; \u2013 is mainly rhythm and dance. Despite this, it still received a gold disc. And in fact, the music is not all that important here. The main rolls are played by: An intelligent producer, an intelligent writer, an intelligent choreographer, an intelligent costume designer, an intelligent and quick-witted group of artists and many, many intelligent teenagers with lots of pocket money. Together, that equals a hit.\u201d<\/p>\n<\/div><div class=\"fusion-clearfix\"><\/div><\/div><\/div><\/div><\/div><div class=\"fusion-fullwidth fullwidth-box fusion-builder-row-2 nonhundred-percent-fullwidth non-hundred-percent-height-scrolling\" style=\"--awb-border-radius-top-left:0px;--awb-border-radius-top-right:0px;--awb-border-radius-bottom-right:0px;--awb-border-radius-bottom-left:0px;\" ><div class=\"fusion-builder-row fusion-row\"><div class=\"fusion-layout-column fusion_builder_column fusion-builder-column-1 fusion_builder_column_1_1 1_1 fusion-one-full fusion-column-first fusion-column-last\" style=\"--awb-bg-size:cover;\"><div class=\"fusion-column-wrapper fusion-flex-column-wrapper-legacy\"><div class=\"fusion-text fusion-text-2\"><p><img decoding=\"async\" class=\"alignleft size-medium wp-image-927\" src=\"https:\/\/dschinghis-khan.com\/wp-content\/uploads\/2018\/06\/gesch3_Pic6-187x300.jpg\" alt=\"\" width=\"187\" height=\"300\" srcset=\"https:\/\/dschinghis-khan.com\/wp-content\/uploads\/2018\/06\/gesch3_Pic6-187x300.jpg 187w, https:\/\/dschinghis-khan.com\/wp-content\/uploads\/2018\/06\/gesch3_Pic6-200x321.jpg 200w, https:\/\/dschinghis-khan.com\/wp-content\/uploads\/2018\/06\/gesch3_Pic6.jpg 311w\" sizes=\"(max-width: 187px) 100vw, 187px\" \/>This was just what the composer and producer Ralph Siegel was hoping for. In the pioneering early days of Dschinghis Khan, great ideas were his speciality. He wanted to win the \u201cEurovision Song Contest\u201d, the prize for the televised European event being the most important trophy in pop music. His record about the Mongolian leader Genghis Khan was ideal for this: It was the musical equivalent of a jack hammer, with text which was simple but genius.<\/p>\n<\/div><div class=\"fusion-clearfix\"><\/div><\/div><\/div><\/div><\/div><div class=\"fusion-fullwidth fullwidth-box fusion-builder-row-3 nonhundred-percent-fullwidth non-hundred-percent-height-scrolling\" style=\"--awb-border-radius-top-left:0px;--awb-border-radius-top-right:0px;--awb-border-radius-bottom-right:0px;--awb-border-radius-bottom-left:0px;\" ><div class=\"fusion-builder-row fusion-row\"><div class=\"fusion-layout-column fusion_builder_column fusion-builder-column-2 fusion_builder_column_1_1 1_1 fusion-one-full fusion-column-first fusion-column-last\" style=\"--awb-bg-size:cover;\"><div class=\"fusion-column-wrapper fusion-flex-column-wrapper-legacy\"><div class=\"fusion-text fusion-text-3\"><p>&#8220;Dsching, Dsching, Dschingis Khan<br \/>\nHey Reiter, ho Leute, hey Reiter immer weiter<br \/>\nDsching, Dsching, Dschingis Khan<br \/>\nAuf Br\u00fcder, sauft Br\u00fcder, rauft Br\u00fcder immer wieder&#8230;&#8221;[Original in German]<\/p>\n<p>&#8220;Gen, Gen, Genghis Khan<br \/>\nHey rider, ho people, hey rider ever onward<br \/>\nGen, Gen, Genghis Khan<br \/>\nOn brother, drink brother, brawl brother ever onward &#8230;&#8221; [English translation]\n(Incidentally, the text is not derived from Goethe but from a friend of the producer, Dr. Bernd Meinunger, an eco-agriculturalist.)<\/p>\n<p>For obvious reasons one must deliver more to the audience than just music and text in the interpretation of such pieces. Ideally, one combines this with colourful costumes, flashy lighting effects and wild dances. Siegel quickly found such a group. Quickly because this was already February and the 31st March 1979 was looming ever closer, the day of the \u201cEurovision Song Contest\u201d in Jerusalem \/ Israel. He was essentially looking for individuals with striking features, those who looked like Genghis Khan \u2013 or at least somewhat similar.<br \/>\nAnd he found the married couple Wolfgang und Henriette Heichel (he: a former dentistry student and art teacher, she: a dental assistant, model and ice dancer, Lesley Mandoki (with moustache and mane, Hungarian, jazz musician), Luis Potgieter (with a crown, professional dancer from South Africa), Edina Pop (pop singer, also from Hungary) and Steve Bender (with a bald head).<\/p>\n<\/div><div class=\"fusion-clearfix\"><\/div><\/div><\/div><\/div><\/div><div class=\"fusion-fullwidth fullwidth-box fusion-builder-row-4 nonhundred-percent-fullwidth non-hundred-percent-height-scrolling\" style=\"--awb-border-radius-top-left:0px;--awb-border-radius-top-right:0px;--awb-border-radius-bottom-right:0px;--awb-border-radius-bottom-left:0px;\" ><div class=\"fusion-builder-row fusion-row\"><div class=\"fusion-layout-column fusion_builder_column fusion-builder-column-3 fusion_builder_column_1_1 1_1 fusion-one-full fusion-column-first fusion-column-last\" style=\"--awb-bg-size:cover;\"><div class=\"fusion-column-wrapper fusion-flex-column-wrapper-legacy\"><div class=\"fusion-image-carousel fusion-image-carousel-auto fusion-image-carousel-1 lightbox-enabled fusion-carousel-border\"><div class=\"awb-carousel awb-swiper awb-swiper-carousel\" data-autoplay=\"no\" data-columns=\"3\" data-itemmargin=\"13\" data-itemwidth=\"180\" data-touchscroll=\"no\" data-imagesize=\"auto\" style=\"--awb-columns:3;\"><div class=\"swiper-wrapper awb-image-carousel-wrapper fusion-flex-align-items-center\"><div class=\"swiper-slide\"><div class=\"fusion-carousel-item-wrapper\"><div class=\"fusion-image-wrapper hover-type-none\"><a data-rel=\"iLightbox[image_carousel_1]\" data-caption=\"Leslie Mandoki mit der Gruppe Dschinghis Khan\" data-title=\"Leslie Mandoki\" aria-label=\"Leslie Mandoki\" href=\"https:\/\/dschinghis-khan.com\/wp-content\/uploads\/2018\/06\/gesch3_pic4.jpg\" target=\"_self\"><img decoding=\"async\" width=\"850\" height=\"445\" src=\"https:\/\/dschinghis-khan.com\/wp-content\/uploads\/2018\/06\/gesch3_pic4.jpg\" class=\"attachment-full size-full\" alt=\"\" srcset=\"https:\/\/dschinghis-khan.com\/wp-content\/uploads\/2018\/06\/gesch3_pic4-200x105.jpg 200w, https:\/\/dschinghis-khan.com\/wp-content\/uploads\/2018\/06\/gesch3_pic4-400x209.jpg 400w, https:\/\/dschinghis-khan.com\/wp-content\/uploads\/2018\/06\/gesch3_pic4-600x314.jpg 600w, https:\/\/dschinghis-khan.com\/wp-content\/uploads\/2018\/06\/gesch3_pic4-800x419.jpg 800w, https:\/\/dschinghis-khan.com\/wp-content\/uploads\/2018\/06\/gesch3_pic4.jpg 850w\" sizes=\"(min-width: 2200px) 100vw, (min-width: 744px) 358px, (min-width: 692px) 537px, (min-width: 640px) 692px, \" \/><\/a><\/div><\/div><\/div><div class=\"swiper-slide\"><div class=\"fusion-carousel-item-wrapper\"><div class=\"fusion-image-wrapper hover-type-none\"><a data-rel=\"iLightbox[image_carousel_1]\" data-title=\"gesch3_pic4 (3)\" aria-label=\"gesch3_pic4 (3)\" href=\"https:\/\/dschinghis-khan.com\/wp-content\/uploads\/2018\/06\/gesch3_pic4-3.jpg\" target=\"_self\"><img decoding=\"async\" width=\"1447\" height=\"2239\" src=\"https:\/\/dschinghis-khan.com\/wp-content\/uploads\/2018\/06\/gesch3_pic4-3.jpg\" class=\"attachment-full size-full\" alt=\"\" srcset=\"https:\/\/dschinghis-khan.com\/wp-content\/uploads\/2018\/06\/gesch3_pic4-3-200x309.jpg 200w, https:\/\/dschinghis-khan.com\/wp-content\/uploads\/2018\/06\/gesch3_pic4-3-400x619.jpg 400w, https:\/\/dschinghis-khan.com\/wp-content\/uploads\/2018\/06\/gesch3_pic4-3-600x928.jpg 600w, https:\/\/dschinghis-khan.com\/wp-content\/uploads\/2018\/06\/gesch3_pic4-3-800x1238.jpg 800w, https:\/\/dschinghis-khan.com\/wp-content\/uploads\/2018\/06\/gesch3_pic4-3-1200x1857.jpg 1200w, https:\/\/dschinghis-khan.com\/wp-content\/uploads\/2018\/06\/gesch3_pic4-3.jpg 1447w\" sizes=\"(min-width: 2200px) 100vw, (min-width: 744px) 358px, (min-width: 692px) 537px, (min-width: 640px) 692px, \" \/><\/a><\/div><\/div><\/div><div class=\"swiper-slide\"><div class=\"fusion-carousel-item-wrapper\"><div class=\"fusion-image-wrapper hover-type-none\"><a data-rel=\"iLightbox[image_carousel_1]\" data-title=\"gesch3_pic4 (2)\" aria-label=\"gesch3_pic4 (2)\" href=\"https:\/\/dschinghis-khan.com\/wp-content\/uploads\/2018\/06\/gesch3_pic4-2.jpg\" target=\"_self\"><img decoding=\"async\" width=\"400\" height=\"300\" src=\"https:\/\/dschinghis-khan.com\/wp-content\/uploads\/2018\/06\/gesch3_pic4-2.jpg\" class=\"attachment-full size-full\" alt=\"\" srcset=\"https:\/\/dschinghis-khan.com\/wp-content\/uploads\/2018\/06\/gesch3_pic4-2-200x150.jpg 200w, https:\/\/dschinghis-khan.com\/wp-content\/uploads\/2018\/06\/gesch3_pic4-2.jpg 400w\" sizes=\"(min-width: 2200px) 100vw, (min-width: 744px) 358px, (min-width: 692px) 537px, (min-width: 640px) 692px, \" \/><\/a><\/div><\/div><\/div><\/div><div class=\"awb-swiper-button awb-swiper-button-prev\"><i class=\"awb-icon-angle-left\" aria-hidden=\"true\"><\/i><\/div><div class=\"awb-swiper-button awb-swiper-button-next\"><i class=\"awb-icon-angle-right\" aria-hidden=\"true\"><\/i><\/div><\/div><\/div><div class=\"fusion-clearfix\"><\/div><\/div><\/div><\/div><\/div><div class=\"fusion-fullwidth fullwidth-box fusion-builder-row-5 nonhundred-percent-fullwidth non-hundred-percent-height-scrolling\" style=\"--awb-border-radius-top-left:0px;--awb-border-radius-top-right:0px;--awb-border-radius-bottom-right:0px;--awb-border-radius-bottom-left:0px;\" ><div class=\"fusion-builder-row fusion-row\"><div class=\"fusion-layout-column fusion_builder_column fusion-builder-column-4 fusion_builder_column_2_3 2_3 fusion-two-third fusion-column-first\" style=\"--awb-bg-size:cover;width:66.666666666667%;width:calc(66.666666666667% - ( ( 4% ) * 0.66666666666667 ) );margin-right: 4%;\"><div class=\"fusion-column-wrapper fusion-flex-column-wrapper-legacy\"><div class=\"fusion-text fusion-text-4\"><p>The group had come together. Now things had to move swiftly. Everything ran to a precise time plan. The choreographer Hannes Winkler planned the grand performance. Every move was practised and studied. At the same time the fashion designer Marc Mano in Munich designed the most outrageous costumes, which still have cult status to this day. Four weeks after their founding, \u201cDschinghis Khan&#8221; won German selection for the Eurovision Song Contest by a huge margin. Two weeks later they were off to Jerusalem.<\/p>\n<\/div><div class=\"fusion-clearfix\"><\/div><\/div><\/div><div class=\"fusion-layout-column fusion_builder_column fusion-builder-column-5 fusion_builder_column_1_3 1_3 fusion-one-third fusion-column-last\" style=\"--awb-bg-size:cover;width:33.333333333333%;width:calc(33.333333333333% - ( ( 4% ) * 0.33333333333333 ) );\"><div class=\"fusion-column-wrapper fusion-flex-column-wrapper-legacy\"><div class=\"fusion-image-element fusion-image-align-right in-legacy-container\" style=\"text-align:right;--awb-caption-title-font-family:var(--h2_typography-font-family);--awb-caption-title-font-weight:var(--h2_typography-font-weight);--awb-caption-title-font-style:var(--h2_typography-font-style);--awb-caption-title-size:var(--h2_typography-font-size);--awb-caption-title-transform:var(--h2_typography-text-transform);--awb-caption-title-line-height:var(--h2_typography-line-height);--awb-caption-title-letter-spacing:var(--h2_typography-letter-spacing);\"><span class=\" fusion-imageframe imageframe-none imageframe-1 hover-type-none\" style=\"margin-left:25px;float:right;\" class=\"image-magnify\" class=\"image-scroll\"><img decoding=\"async\" width=\"300\" height=\"144\" title=\"gesch3_5\" src=\"https:\/\/dschinghis-khan.com\/wp-content\/uploads\/2018\/06\/gesch3_5-300x144.jpg\" alt class=\"img-responsive wp-image-1424\" srcset=\"https:\/\/dschinghis-khan.com\/wp-content\/uploads\/2018\/06\/gesch3_5-200x96.jpg 200w, https:\/\/dschinghis-khan.com\/wp-content\/uploads\/2018\/06\/gesch3_5-400x192.jpg 400w, https:\/\/dschinghis-khan.com\/wp-content\/uploads\/2018\/06\/gesch3_5.jpg 557w\" sizes=\"(max-width: 800px) 100vw, 400px\" \/><\/span><\/div><div class=\"fusion-sep-clear\"><\/div><div class=\"fusion-separator fusion-full-width-sep\" style=\"margin-left: auto;margin-right: auto;margin-top:5px;margin-bottom:5px;width:100%;\"><\/div><div class=\"fusion-sep-clear\"><\/div><div class=\"fusion-image-element fusion-image-align-right in-legacy-container\" style=\"text-align:right;--awb-caption-title-font-family:var(--h2_typography-font-family);--awb-caption-title-font-weight:var(--h2_typography-font-weight);--awb-caption-title-font-style:var(--h2_typography-font-style);--awb-caption-title-size:var(--h2_typography-font-size);--awb-caption-title-transform:var(--h2_typography-text-transform);--awb-caption-title-line-height:var(--h2_typography-line-height);--awb-caption-title-letter-spacing:var(--h2_typography-letter-spacing);\"><span class=\" fusion-imageframe imageframe-none imageframe-2 hover-type-none\" style=\"margin-left:25px;float:right;\" class=\"image-magnify\" class=\"image-scroll\"><img decoding=\"async\" width=\"235\" height=\"170\" title=\"dk_siegel\" src=\"https:\/\/dschinghis-khan.com\/wp-content\/uploads\/2018\/06\/dk_siegel.jpg\" alt class=\"img-responsive wp-image-1421\" srcset=\"https:\/\/dschinghis-khan.com\/wp-content\/uploads\/2018\/06\/dk_siegel-200x145.jpg 200w, https:\/\/dschinghis-khan.com\/wp-content\/uploads\/2018\/06\/dk_siegel.jpg 235w\" sizes=\"(max-width: 800px) 100vw, 235px\" \/><\/span><\/div><div class=\"fusion-clearfix\"><\/div><\/div><\/div><\/div><\/div><div class=\"fusion-fullwidth fullwidth-box fusion-builder-row-6 nonhundred-percent-fullwidth non-hundred-percent-height-scrolling\" style=\"--awb-border-radius-top-left:0px;--awb-border-radius-top-right:0px;--awb-border-radius-bottom-right:0px;--awb-border-radius-bottom-left:0px;\" ><div class=\"fusion-builder-row fusion-row\"><div class=\"fusion-layout-column fusion_builder_column fusion-builder-column-6 fusion_builder_column_1_1 1_1 fusion-one-full fusion-column-first fusion-column-last\" style=\"--awb-bg-size:cover;\"><div class=\"fusion-column-wrapper fusion-flex-column-wrapper-legacy\"><div class=\"fusion-text fusion-text-5\"><p><img decoding=\"async\" class=\"alignleft size-medium wp-image-939\" src=\"https:\/\/dschinghis-khan.com\/wp-content\/uploads\/2018\/06\/gesch3_PIC7-221x300.jpg\" alt=\"\" width=\"221\" height=\"300\" srcset=\"https:\/\/dschinghis-khan.com\/wp-content\/uploads\/2018\/06\/gesch3_PIC7-200x272.jpg 200w, https:\/\/dschinghis-khan.com\/wp-content\/uploads\/2018\/06\/gesch3_PIC7-221x300.jpg 221w, https:\/\/dschinghis-khan.com\/wp-content\/uploads\/2018\/06\/gesch3_PIC7-400x543.jpg 400w, https:\/\/dschinghis-khan.com\/wp-content\/uploads\/2018\/06\/gesch3_PIC7.jpg 408w\" sizes=\"(max-width: 221px) 100vw, 221px\" \/>4th place at the Eurovision Song Contest was their first international breakthrough. Just a few weeks later the group received a golden disc for selling 500,000 copies of the single &#8220;Dschinghis Khan&#8221;, a big achievement even then. Subsequent hits in the same style were to follow: &#8220;Moskau&#8221;, &#8220;Rocking Son Of Dschinghis Khan&#8221;, &#8220;Hadschi Halef Omar&#8221;, &#8220;Rom&#8221;; one success after the other. Gold and platinum discs rained on them from across the globe, from Germany and an additional 20 countries including Japan, Australia, Korea, Holland, Belgium, Israel, Denmark, Sweden, Switzerland, Norway and Finland. Even the former states of the USSR became great enthusiasts of the music of Dschinghis Khan. In these territories Dschinghis Khan sold more records than in the rest of world put together!<\/p>\n<\/div><div class=\"fusion-clearfix\"><\/div><\/div><\/div><\/div><\/div><div class=\"fusion-fullwidth fullwidth-box fusion-builder-row-7 nonhundred-percent-fullwidth non-hundred-percent-height-scrolling\" style=\"--awb-border-radius-top-left:0px;--awb-border-radius-top-right:0px;--awb-border-radius-bottom-right:0px;--awb-border-radius-bottom-left:0px;\" ><div class=\"fusion-builder-row fusion-row\"><div class=\"fusion-layout-column fusion_builder_column fusion-builder-column-7 fusion_builder_column_1_1 1_1 fusion-one-full fusion-column-first fusion-column-last\" style=\"--awb-bg-size:cover;\"><div class=\"fusion-column-wrapper fusion-flex-column-wrapper-legacy\"><div class=\"fusion-text fusion-text-6\"><p>In Israel and Japan the group ruled the charts from the top spot. In Japan the German version of the song was a hit, something which has never been achieved by another artist to this day. They won the German &#8220;Bambi&#8221; record prize, the \u201cGolden Lion\u201d from Radio Luxemburg and the \u201cGolden Europe\u201d from the German radio station Europawelle Saar. It was that easy to attain a fairy tale international career. Dschinghis Khan were a glamorous face of the sound known as \u201cMade in Munich\u201d, which was ruling the charts in America and across the globe at that time.<\/p>\n<\/div><div class=\"fusion-clearfix\"><\/div><\/div><\/div><\/div><\/div><div class=\"fusion-fullwidth fullwidth-box fusion-builder-row-8 nonhundred-percent-fullwidth non-hundred-percent-height-scrolling\" style=\"--awb-border-radius-top-left:0px;--awb-border-radius-top-right:0px;--awb-border-radius-bottom-right:0px;--awb-border-radius-bottom-left:0px;\" ><div class=\"fusion-builder-row fusion-row\"><div class=\"fusion-layout-column fusion_builder_column fusion-builder-column-8 fusion_builder_column_1_1 1_1 fusion-one-full fusion-column-first fusion-column-last\" style=\"--awb-bg-size:cover;\"><div class=\"fusion-column-wrapper fusion-flex-column-wrapper-legacy\"><div class=\"fusion-clearfix\"><\/div><\/div><\/div><\/div><\/div><div class=\"fusion-fullwidth fullwidth-box fusion-builder-row-9 nonhundred-percent-fullwidth non-hundred-percent-height-scrolling\" style=\"--awb-border-radius-top-left:0px;--awb-border-radius-top-right:0px;--awb-border-radius-bottom-right:0px;--awb-border-radius-bottom-left:0px;\" ><div class=\"fusion-builder-row fusion-row\"><div class=\"fusion-layout-column fusion_builder_column fusion-builder-column-9 fusion_builder_column_1_1 1_1 fusion-one-full fusion-column-first fusion-column-last\" style=\"--awb-bg-size:cover;\"><div class=\"fusion-column-wrapper fusion-flex-column-wrapper-legacy\"><div class=\"fusion-text fusion-text-7\"><p>Following two albums and just before the release of the album &#8220;Wir sitzen alle im selben Boot&#8221; [we all sit in the same boat] Steve Bender left the band in 1981 for a multitude of reasons. Despite this heavy loss, Dschinghis Khan charted two further hits in &#8220;Pistolero&#8221; and &#8220;Loreley&#8221;. However, Dschinghis Khan suddenly disbanded without any warning. What happened? There were many rumours, maybe there were serious disagreements between Dschinghis Khan and the record company, or problems within the group &#8230;<br \/>\nDancer and leading band member Louis Hendrik Potgieter died of AIDS in his home city of Cape Town, South Africa in 1993. The period that followed witnessed the release of many remixes and medleys of familiar Dschinghis-Khan hits, such as the single and album &#8220;Huh Hah Dschinghis Khan&#8221; (1993) or the &#8220;History of Dschinghis Khan&#8221; (1999).<\/p>\n<\/div><div class=\"fusion-clearfix\"><\/div><\/div><\/div><\/div><\/div><\/p>\n","protected":false},"excerpt":{"rendered":"","protected":false},"author":1,"featured_media":0,"parent":0,"menu_order":0,"comment_status":"closed","ping_status":"closed","template":"","meta":{"footnotes":""},"class_list":["post-1699","page","type-page","status-publish","hentry"],"_links":{"self":[{"href":"https:\/\/dschinghis-khan.com\/en\/wp-json\/wp\/v2\/pages\/1699","targetHints":{"allow":["GET"]}}],"collection":[{"href":"https:\/\/dschinghis-khan.com\/en\/wp-json\/wp\/v2\/pages"}],"about":[{"href":"https:\/\/dschinghis-khan.com\/en\/wp-json\/wp\/v2\/types\/page"}],"author":[{"embeddable":true,"href":"https:\/\/dschinghis-khan.com\/en\/wp-json\/wp\/v2\/users\/1"}],"replies":[{"embeddable":true,"href":"https:\/\/dschinghis-khan.com\/en\/wp-json\/wp\/v2\/comments?post=1699"}],"version-history":[{"count":2,"href":"https:\/\/dschinghis-khan.com\/en\/wp-json\/wp\/v2\/pages\/1699\/revisions"}],"predecessor-version":[{"id":1828,"href":"https:\/\/dschinghis-khan.com\/en\/wp-json\/wp\/v2\/pages\/1699\/revisions\/1828"}],"wp:attachment":[{"href":"https:\/\/dschinghis-khan.com\/en\/wp-json\/wp\/v2\/media?parent=1699"}],"curies":[{"name":"wp","href":"https:\/\/api.w.org\/{rel}","templated":true}]}}