{"id":1740,"date":"2018-07-13T22:26:59","date_gmt":"2018-07-13T20:26:59","guid":{"rendered":"https:\/\/dschinghis-khan.com\/release-party\/"},"modified":"2018-07-13T22:27:00","modified_gmt":"2018-07-13T20:27:00","slug":"release-party","status":"publish","type":"page","link":"https:\/\/dschinghis-khan.com\/ru\/release-party\/","title":{"rendered":"\u0421\u0442\u043e\u0440\u043e\u043d\u0430 \u0432\u044b\u043f\u0443\u0441\u043a\u0430"},"content":{"rendered":"<p><div class=\"fusion-fullwidth fullwidth-box fusion-builder-row-1 nonhundred-percent-fullwidth non-hundred-percent-height-scrolling\" style=\"--awb-border-radius-top-left:0px;--awb-border-radius-top-right:0px;--awb-border-radius-bottom-right:0px;--awb-border-radius-bottom-left:0px;\" ><div class=\"fusion-builder-row fusion-row\"><div class=\"fusion-layout-column fusion_builder_column fusion-builder-column-0 fusion_builder_column_1_1 1_1 fusion-one-full fusion-column-first fusion-column-last\" style=\"--awb-bg-size:cover;\"><div class=\"fusion-column-wrapper fusion-flex-column-wrapper-legacy\"><div class=\"fusion-title title fusion-title-1 fusion-sep-none fusion-title-text fusion-title-size-two\"><h2 class=\"title-heading-left fusion-responsive-typography-calculated\" style=\"margin:0;--fontSize:34;line-height:1.2;\"><\/h2><\/div><div class=\"fusion-title title fusion-title-2 fusion-sep-none fusion-title-center fusion-title-text fusion-title-size-one\"><h1 class=\"title-heading-center fusion-responsive-typography-calculated\" style=\"margin:0;--fontSize:40;line-height:1.08;\">DSCHINGHIS KHAN RELEASE PARTY<\/h1><\/div><div class=\"fusion-title title fusion-title-3 fusion-sep-none fusion-title-text fusion-title-size-two\"><h2 class=\"title-heading-right fusion-responsive-typography-calculated\" style=\"margin:0;--fontSize:34;line-height:1.2;\">\u2026 the cult lives on and on!<\/h2><\/div><div class=\"fusion-clearfix\"><\/div><\/div><\/div><\/div><\/div><div class=\"fusion-fullwidth fullwidth-box fusion-builder-row-2 nonhundred-percent-fullwidth non-hundred-percent-height-scrolling\" style=\"--awb-border-radius-top-left:0px;--awb-border-radius-top-right:0px;--awb-border-radius-bottom-right:0px;--awb-border-radius-bottom-left:0px;\" ><div class=\"fusion-builder-row fusion-row\"><div class=\"fusion-layout-column fusion_builder_column fusion-builder-column-1 fusion_builder_column_1_4 1_4 fusion-one-fourth fusion-column-first\" style=\"--awb-bg-size:cover;width:25%;width:calc(25% - ( ( 4% ) * 0.25 ) );margin-right: 4%;\"><div class=\"fusion-column-wrapper fusion-flex-column-wrapper-legacy\"><div class=\"awb-gallery-wrapper awb-gallery-wrapper-1 button-span-no\"><div style=\"margin:-5px;--awb-bordersize:0px;\" class=\"fusion-gallery fusion-gallery-container fusion-grid-1 fusion-columns-total-13 fusion-gallery-layout-grid fusion-gallery-1\"><div style=\"padding:5px;\" class=\"fusion-grid-column fusion-gallery-column fusion-gallery-column-1 hover-type-none\"><div class=\"fusion-gallery-image\"><a href=\"https:\/\/dschinghis-khan.com\/wp-content\/uploads\/2018\/06\/P1030510.jpg\" rel=\"noreferrer\" data-rel=\"iLightbox[gallery_image_1]\" class=\"fusion-lightbox\"><img decoding=\"async\" src=\"https:\/\/dschinghis-khan.com\/wp-content\/uploads\/2018\/06\/P1030510-460x295.jpg\" width=\"460\" height=\"295\" alt=\"\" title=\"P1030510\" aria-label=\"P1030510\" class=\"img-responsive wp-image-1044 fusion-gallery-image-size-fixed\"  \/><\/a><\/div><\/div><div class=\"clearfix\"><\/div><div style=\"padding:5px;\" class=\"fusion-grid-column fusion-gallery-column fusion-gallery-column-1 hover-type-none\"><div class=\"fusion-gallery-image\"><a href=\"https:\/\/dschinghis-khan.com\/wp-content\/uploads\/2018\/06\/DschinghisKhan-Reviva-2018-die-neuen-DschinghisKhan-performen-ein-Best-Of-der-Hits.jpg\" rel=\"noreferrer\" data-rel=\"iLightbox[gallery_image_1]\" class=\"fusion-lightbox\"><img decoding=\"async\" src=\"https:\/\/dschinghis-khan.com\/wp-content\/uploads\/2018\/06\/DschinghisKhan-Reviva-2018-die-neuen-DschinghisKhan-performen-ein-Best-Of-der-Hits-460x295.jpg\" width=\"460\" height=\"295\" alt=\"\" title=\"DschinghisKhan-Reviva-2018-die-neuen-DschinghisKhan-performen-ein-Best-Of-der-Hits\" aria-label=\"DschinghisKhan-Reviva-2018-die-neuen-DschinghisKhan-performen-ein-Best-Of-der-Hits\" class=\"img-responsive wp-image-1032 fusion-gallery-image-size-fixed\"  \/><\/a><\/div><\/div><div class=\"clearfix\"><\/div><div style=\"padding:5px;\" class=\"fusion-grid-column fusion-gallery-column fusion-gallery-column-1 hover-type-none\"><div class=\"fusion-gallery-image\"><a href=\"https:\/\/dschinghis-khan.com\/wp-content\/uploads\/2018\/06\/DschinghisKhan-Reviva-2018-Gruppenbild-die-neuen-DschinghisKhan-mit-zwei-Stamm-Maedels.jpg\" rel=\"noreferrer\" data-rel=\"iLightbox[gallery_image_1]\" class=\"fusion-lightbox\"><img decoding=\"async\" src=\"https:\/\/dschinghis-khan.com\/wp-content\/uploads\/2018\/06\/DschinghisKhan-Reviva-2018-Gruppenbild-die-neuen-DschinghisKhan-mit-zwei-Stamm-Maedels-460x295.jpg\" width=\"460\" height=\"295\" alt=\"\" title=\"DschinghisKhan-Reviva-2018-Gruppenbild-die-neuen-DschinghisKhan-mit-zwei-Stamm-Maedels\" aria-label=\"DschinghisKhan-Reviva-2018-Gruppenbild-die-neuen-DschinghisKhan-mit-zwei-Stamm-Maedels\" class=\"img-responsive wp-image-1033 fusion-gallery-image-size-fixed\"  \/><\/a><\/div><\/div><div class=\"clearfix\"><\/div><div style=\"padding:5px;\" class=\"fusion-grid-column fusion-gallery-column fusion-gallery-column-1 hover-type-none\"><div class=\"fusion-gallery-image\"><a href=\"https:\/\/dschinghis-khan.com\/wp-content\/uploads\/2018\/06\/P1030348.jpg\" rel=\"noreferrer\" data-rel=\"iLightbox[gallery_image_1]\" class=\"fusion-lightbox\"><img decoding=\"async\" src=\"https:\/\/dschinghis-khan.com\/wp-content\/uploads\/2018\/06\/P1030348-460x295.jpg\" width=\"460\" height=\"295\" alt=\"\" title=\"P1030348\" aria-label=\"P1030348\" class=\"img-responsive wp-image-1039 fusion-gallery-image-size-fixed\"  \/><\/a><\/div><\/div><div class=\"clearfix\"><\/div><div style=\"padding:5px;\" class=\"fusion-grid-column fusion-gallery-column fusion-gallery-column-1 hover-type-none\"><div class=\"fusion-gallery-image\"><a href=\"https:\/\/dschinghis-khan.com\/wp-content\/uploads\/2018\/06\/829731_1_teaserlarge_ganz-verliebtralph-siegel-und-seine-partnerin-laura-kaefer-foto-matthias-balk.jpg\" rel=\"noreferrer\" data-rel=\"iLightbox[gallery_image_1]\" class=\"fusion-lightbox\"><img decoding=\"async\" src=\"https:\/\/dschinghis-khan.com\/wp-content\/uploads\/2018\/06\/829731_1_teaserlarge_ganz-verliebtralph-siegel-und-seine-partnerin-laura-kaefer-foto-matthias-balk-460x295.jpg\" width=\"460\" height=\"295\" alt=\"\" title=\"829731_1_teaserlarge_ganz-verliebtralph-siegel-und-seine-partnerin-laura-kaefer-foto-matthias-balk\" aria-label=\"829731_1_teaserlarge_ganz-verliebtralph-siegel-und-seine-partnerin-laura-kaefer-foto-matthias-balk\" class=\"img-responsive wp-image-1015 fusion-gallery-image-size-fixed\"  \/><\/a><\/div><\/div><div class=\"clearfix\"><\/div><div style=\"padding:5px;\" class=\"fusion-grid-column fusion-gallery-column fusion-gallery-column-1 hover-type-none\"><div class=\"fusion-gallery-image\"><a href=\"https:\/\/dschinghis-khan.com\/wp-content\/uploads\/2018\/06\/DschinghisKhan-Reviva-2018-Tresentanz.jpg\" rel=\"noreferrer\" data-rel=\"iLightbox[gallery_image_1]\" class=\"fusion-lightbox\"><img decoding=\"async\" src=\"https:\/\/dschinghis-khan.com\/wp-content\/uploads\/2018\/06\/DschinghisKhan-Reviva-2018-Tresentanz-460x295.jpg\" width=\"460\" height=\"295\" alt=\"\" title=\"DschinghisKhan-Reviva-2018-Tresentanz\" aria-label=\"DschinghisKhan-Reviva-2018-Tresentanz\" class=\"img-responsive wp-image-1034 fusion-gallery-image-size-fixed\"  \/><\/a><\/div><\/div><div class=\"clearfix\"><\/div><div style=\"padding:5px;\" class=\"fusion-grid-column fusion-gallery-column fusion-gallery-column-1 hover-type-none\"><div class=\"fusion-gallery-image\"><a href=\"https:\/\/dschinghis-khan.com\/wp-content\/uploads\/2018\/06\/20180531_rs-dschinghis-khan_194.jpg\" rel=\"noreferrer\" data-rel=\"iLightbox[gallery_image_1]\" class=\"fusion-lightbox\"><img decoding=\"async\" src=\"https:\/\/dschinghis-khan.com\/wp-content\/uploads\/2018\/06\/20180531_rs-dschinghis-khan_194-460x295.jpg\" width=\"460\" height=\"295\" alt=\"\" title=\"20180531_rs-dschinghis-khan_194\" aria-label=\"20180531_rs-dschinghis-khan_194\" class=\"img-responsive wp-image-1027 fusion-gallery-image-size-fixed\"  \/><\/a><\/div><\/div><div class=\"clearfix\"><\/div><div style=\"padding:5px;\" class=\"fusion-grid-column fusion-gallery-column fusion-gallery-column-1 hover-type-none\"><div class=\"fusion-gallery-image\"><a href=\"https:\/\/dschinghis-khan.com\/wp-content\/uploads\/2018\/06\/media.media_.bda6220a-f83f-40c8-9007-6bf636ce6cd0.normalized.jpg\" rel=\"noreferrer\" data-rel=\"iLightbox[gallery_image_1]\" class=\"fusion-lightbox\"><img decoding=\"async\" src=\"https:\/\/dschinghis-khan.com\/wp-content\/uploads\/2018\/06\/media.media_.bda6220a-f83f-40c8-9007-6bf636ce6cd0.normalized-460x295.jpg\" width=\"460\" height=\"295\" alt=\"\" title=\"media.media.bda6220a-f83f-40c8-9007-6bf636ce6cd0.normalized\" aria-label=\"media.media.bda6220a-f83f-40c8-9007-6bf636ce6cd0.normalized\" class=\"img-responsive wp-image-1035 fusion-gallery-image-size-fixed\"  \/><\/a><\/div><\/div><div class=\"clearfix\"><\/div><div style=\"padding:5px;\" class=\"fusion-grid-column fusion-gallery-column fusion-gallery-column-1 hover-type-none\"><div class=\"fusion-gallery-image\"><a href=\"https:\/\/dschinghis-khan.com\/wp-content\/uploads\/2018\/06\/20180531_rs-dschinghis-khan_182.jpg\" rel=\"noreferrer\" data-rel=\"iLightbox[gallery_image_1]\" class=\"fusion-lightbox\"><img decoding=\"async\" src=\"https:\/\/dschinghis-khan.com\/wp-content\/uploads\/2018\/06\/20180531_rs-dschinghis-khan_182-460x295.jpg\" width=\"460\" height=\"295\" alt=\"\" title=\"20180531_rs-dschinghis-khan_182\" aria-label=\"20180531_rs-dschinghis-khan_182\" class=\"img-responsive wp-image-1023 fusion-gallery-image-size-fixed\"  \/><\/a><\/div><\/div><div class=\"clearfix\"><\/div><div style=\"padding:5px;\" class=\"fusion-grid-column fusion-gallery-column fusion-gallery-column-1 hover-type-none\"><div class=\"fusion-gallery-image\"><a href=\"https:\/\/dschinghis-khan.com\/wp-content\/uploads\/2018\/06\/P1030347.jpg\" rel=\"noreferrer\" data-rel=\"iLightbox[gallery_image_1]\" class=\"fusion-lightbox\"><img decoding=\"async\" src=\"https:\/\/dschinghis-khan.com\/wp-content\/uploads\/2018\/06\/P1030347-460x295.jpg\" width=\"460\" height=\"295\" alt=\"\" title=\"P1030347\" aria-label=\"P1030347\" class=\"img-responsive wp-image-1038 fusion-gallery-image-size-fixed\"  \/><\/a><\/div><\/div><div class=\"clearfix\"><\/div><div style=\"padding:5px;\" class=\"fusion-grid-column fusion-gallery-column fusion-gallery-column-1 hover-type-none\"><div class=\"fusion-gallery-image\"><a href=\"https:\/\/dschinghis-khan.com\/wp-content\/uploads\/2018\/06\/dschinghis-khan-come-57514747.jpg\" rel=\"noreferrer\" data-rel=\"iLightbox[gallery_image_1]\" class=\"fusion-lightbox\"><img decoding=\"async\" src=\"https:\/\/dschinghis-khan.com\/wp-content\/uploads\/2018\/06\/dschinghis-khan-come-57514747-460x295.jpg\" width=\"460\" height=\"295\" alt=\"\" title=\"dschinghis-khan-come-57514747\" aria-label=\"dschinghis-khan-come-57514747\" class=\"img-responsive wp-image-1030 fusion-gallery-image-size-fixed\"  \/><\/a><\/div><\/div><div class=\"clearfix\"><\/div><div style=\"padding:5px;\" class=\"fusion-grid-column fusion-gallery-column fusion-gallery-column-1 hover-type-none\"><div class=\"fusion-gallery-image\"><a href=\"https:\/\/dschinghis-khan.com\/wp-content\/uploads\/2018\/06\/20180531_rs-dschinghis-khan_188.jpg\" rel=\"noreferrer\" data-rel=\"iLightbox[gallery_image_1]\" class=\"fusion-lightbox\"><img decoding=\"async\" src=\"https:\/\/dschinghis-khan.com\/wp-content\/uploads\/2018\/06\/20180531_rs-dschinghis-khan_188-460x295.jpg\" width=\"460\" height=\"295\" alt=\"\" title=\"20180531_rs-dschinghis-khan_188\" aria-label=\"20180531_rs-dschinghis-khan_188\" class=\"img-responsive wp-image-1025 fusion-gallery-image-size-fixed\"  \/><\/a><\/div><\/div><div class=\"clearfix\"><\/div><div style=\"padding:5px;\" class=\"fusion-grid-column fusion-gallery-column fusion-gallery-column-1 hover-type-none\"><div class=\"fusion-gallery-image\"><a href=\"https:\/\/dschinghis-khan.com\/wp-content\/uploads\/2018\/06\/P1030450.jpg\" rel=\"noreferrer\" data-rel=\"iLightbox[gallery_image_1]\" class=\"fusion-lightbox\"><img decoding=\"async\" src=\"https:\/\/dschinghis-khan.com\/wp-content\/uploads\/2018\/06\/P1030450-460x295.jpg\" width=\"460\" height=\"295\" alt=\"\" title=\"P1030450\" aria-label=\"P1030450\" class=\"img-responsive wp-image-1042 fusion-gallery-image-size-fixed\"  \/><\/a><\/div><\/div><div class=\"clearfix\"><\/div><\/div><\/div><div class=\"fusion-clearfix\"><\/div><\/div><\/div><div class=\"fusion-layout-column fusion_builder_column fusion-builder-column-2 fusion_builder_column_3_4 3_4 fusion-three-fourth fusion-column-last\" style=\"--awb-bg-size:cover;width:75%;width:calc(75% - ( ( 4% ) * 0.75 ) );\"><div class=\"fusion-column-wrapper fusion-flex-column-wrapper-legacy\"><div class=\"fusion-text fusion-text-1\"><p>There were already reports of the encounter with\u00a0<strong><em>Siegel \u2013 Gross \u2013 Dschinghis Khan<\/em><\/strong>\u00a0in the largest boulevard publications throughout the country in March 2018.<\/p>\n<p><strong><em>\u201cWe are proud to conquer the world again with Ralph Siegel.\u201d Mastermind Heinz Gross concluded an exclusive long-term contract with the Dschinghis Khan grand master, legend, and producer and composer of all Dschinghis Khan hits!<\/em><\/strong><\/p>\n<\/div><div class=\"fusion-video fusion-youtube fusion-aligncenter\" style=\"--awb-max-width:600px;--awb-max-height:360px;--awb-width:100%;\"><div class=\"video-shortcode\"><div class=\"fluid-width-video-wrapper\" style=\"padding-top:60%;\" ><iframe title=\"YouTube video player 1\" src=\"https:\/\/www.youtube.com\/embed\/sL_7a2cdC7c?wmode=transparent&autoplay=0\" width=\"600\" height=\"360\" allowfullscreen allow=\"autoplay; fullscreen\"><\/iframe><\/div><\/div><\/div><div class=\"fusion-text fusion-text-2\"><p>The music legend Ralph Siegel invited all to\u00a0<strong>H\u2019ugo\u2019s Tresor Bar Lounge, Munich\u2019s new \u201cin\u201d location<\/strong>, and everyone from the industry came, to enjoy truffle pizza, Aperol Spritz and glamour, while the history and future of Dschinghis Khan was presented by Ralph Siegel.<\/p>\n<p>At the beginning of the party, Ralph Siegel announced, during the welcome of the illustrious guests, \u201cthe band can\u2019t come,\u00a0<strong>manager Heinz Gross<\/strong>\u00a0mixed up the date, they are playing live in Moscow, we shall transmit live from Moscow later.\u201d<\/p>\n<p><em>But then the Mongolian warriors came after all, and how: with 2,500 PS the three ladies\u00a0<strong>Henriette Strobel and Edina Pop with Eltuya Khan, the \u201cBattleaxe\u201d<\/strong>\u00a0on a 59 Cadillac de Ville, accompanied by a\u00a0<strong>25-member motorbike gang<\/strong>, led by the new\u00a0<strong>Ralph Siegel Kh\u00e4ne Prince Igei Khan with \u00d6g\u00f6dei and Yassa<\/strong>\u00a0on three Drike Jobber. The show warriors, with their convoy, set off an earthquake on Promenade Square in Munich when they arrived at Hugos. After a while, Dschinghis Khan took the stage and made Hugos dance with the legendary Dschinghis Khan Review!<\/em><\/p>\n<\/div><div class=\"fusion-video fusion-youtube fusion-aligncenter\" style=\"--awb-max-width:600px;--awb-max-height:360px;--awb-width:100%;\"><div class=\"video-shortcode\"><div class=\"fluid-width-video-wrapper\" style=\"padding-top:60%;\" ><iframe title=\"YouTube video player 2\" src=\"https:\/\/www.youtube.com\/embed\/h7SOjPpA4ic?wmode=transparent&autoplay=0\" width=\"600\" height=\"360\" allowfullscreen allow=\"autoplay; fullscreen\"><\/iframe><\/div><\/div><\/div><div class=\"fusion-text fusion-text-3\"><p>The new song \u201c<strong>Moskau<\/strong>\u201d was presented as a football song, in parts with a new text to suit the upcoming World Cup in Russia.<\/p>\n<p>Example:\u00a0<em>\u201cMoscow, Moscow, dreams are breaking everyone, we\u2019ll go on and win it all<\/em><em>, ho ho ho ho ho. Moscow, Moscow, you\u2019re the final destiny, what will come and what will be, ha ha ha ha ha.\u201d<\/em><\/p>\n<p><em>\u201cMoscow, Moscow, hey we\u2019re gonna win the cup, and we\u2019re going to the top, ha ha ha ha ha. Moscow, Moscow, hey come on and take my hand, you\u2019re the winner in the end, ha ha ha ha ha, hey\u2026\u201d<\/em><\/p>\n<p>A\u00a0<strong>super singalong song<\/strong>\u00a0with the great advantage that practically everyone over the age of 40, who grew up with the song, knows the\u00a0<strong>melody<\/strong>\u00a0completely, not to mention the young people who know the song thanks to apr\u00e8s-ski and other fun parties.<\/p>\n<p>In 2005, on the initiative of Heinz Gross, the group was reunited in the\u00a0<strong>Olympiski Arena in Moscow<\/strong>, before 40,000 ticket-holders. And they have been together ever since, the group\u00a0<strong>Dschinghis Khan<\/strong>\u00a0with\u00a0<strong>Edna Pop<\/strong>\u00a0and\u00a0<strong>Henriette Strobel,<\/strong>\u00a0original members of the group, have toured not only in Europe, also in Asia, as far as Japan and Australia, but also in the USA, with support for more than 7 years from the new, talented band members\u00a0<strong>Price Igei Khan, \u00d6g\u00f6dei, Eltuya and Yassa Khan.<\/strong><\/p>\n<p>Those who didn\u2019t want to miss the release party included Schlager star\u00a0<strong>Roberto Blanco<\/strong>, producer\u00a0<strong>Jack White<\/strong>, the former TV doctor\u00a0<strong>Antje-Katrin K\u00fchnemann<\/strong>, presenter\u00a0<strong>Alexandra Polzin<\/strong>, who came with her husband and sports presenter\u00a0<strong>Gerhard Leinauer<\/strong>,\u00a0<strong>Simone Ballack<\/strong>, Artdeco Kosmetik boss\u00a0<strong>Helmut Baurecht<\/strong>\u00a0with his wife Irina (invited by Aleksandr Malinin), singer<strong>\u00a0Linda Jo Rizzo<\/strong>, singer\u00a0<strong>Joan Orleans<\/strong>\u00a0and media manager\u00a0<strong>Helmut Markwort<\/strong>\u00a0with his wife<strong>\u00a0Patricia Riekel. Last but not least, Dschinghis Khan lawyer, Dr. Oliver Kautz.<\/strong><\/p>\n<\/div><div class=\"fusion-clearfix\"><\/div><\/div><\/div><\/div><\/div><div class=\"fusion-fullwidth fullwidth-box fusion-builder-row-3 nonhundred-percent-fullwidth non-hundred-percent-height-scrolling\" style=\"--awb-border-radius-top-left:0px;--awb-border-radius-top-right:0px;--awb-border-radius-bottom-right:0px;--awb-border-radius-bottom-left:0px;\" ><div class=\"fusion-builder-row fusion-row\"><div class=\"fusion-layout-column fusion_builder_column fusion-builder-column-3 fusion_builder_column_1_1 1_1 fusion-one-full fusion-column-first fusion-column-last\" style=\"--awb-bg-size:cover;\"><div class=\"fusion-column-wrapper fusion-flex-column-wrapper-legacy\"><div class=\"fusion-title title fusion-title-4 fusion-sep-none fusion-title-center fusion-title-text fusion-title-size-two\"><h2 class=\"title-heading-center fusion-responsive-typography-calculated\" style=\"margin:0;--fontSize:34;line-height:1.2;\">Press-Review<\/h2><\/div><div class=\"fusion-text fusion-text-4\"><p>Bitte beachten Sie unsere <a href=\"\/?page_id=801#bildnachweise\">Bildhinweise<\/a> zu den verwendeten Logos. Vielen Dank!<\/p>\n<\/div><div class=\"fusion-clearfix\"><\/div><\/div><\/div><\/div><\/div><\/p>\n","protected":false},"excerpt":{"rendered":"","protected":false},"author":1,"featured_media":0,"parent":0,"menu_order":0,"comment_status":"closed","ping_status":"closed","template":"","meta":{"footnotes":""},"class_list":["post-1740","page","type-page","status-publish","hentry"],"_links":{"self":[{"href":"https:\/\/dschinghis-khan.com\/ru\/wp-json\/wp\/v2\/pages\/1740","targetHints":{"allow":["GET"]}}],"collection":[{"href":"https:\/\/dschinghis-khan.com\/ru\/wp-json\/wp\/v2\/pages"}],"about":[{"href":"https:\/\/dschinghis-khan.com\/ru\/wp-json\/wp\/v2\/types\/page"}],"author":[{"embeddable":true,"href":"https:\/\/dschinghis-khan.com\/ru\/wp-json\/wp\/v2\/users\/1"}],"replies":[{"embeddable":true,"href":"https:\/\/dschinghis-khan.com\/ru\/wp-json\/wp\/v2\/comments?post=1740"}],"version-history":[{"count":1,"href":"https:\/\/dschinghis-khan.com\/ru\/wp-json\/wp\/v2\/pages\/1740\/revisions"}],"predecessor-version":[{"id":1741,"href":"https:\/\/dschinghis-khan.com\/ru\/wp-json\/wp\/v2\/pages\/1740\/revisions\/1741"}],"wp:attachment":[{"href":"https:\/\/dschinghis-khan.com\/ru\/wp-json\/wp\/v2\/media?parent=1740"}],"curies":[{"name":"wp","href":"https:\/\/api.w.org\/{rel}","templated":true}]}}