{"id":801,"date":"2018-06-03T14:20:23","date_gmt":"2018-06-03T12:20:23","guid":{"rendered":"https:\/\/dk.barney.media\/?page_id=801"},"modified":"2025-06-23T18:41:57","modified_gmt":"2025-06-23T16:41:57","slug":"impressum","status":"publish","type":"page","link":"https:\/\/dschinghis-khan.com\/ru\/impressum\/","title":{"rendered":"Impressum"},"content":{"rendered":"<div class=\"fusion-fullwidth fullwidth-box fusion-builder-row-1 nonhundred-percent-fullwidth non-hundred-percent-height-scrolling\" style=\"--awb-border-radius-top-left:0px;--awb-border-radius-top-right:0px;--awb-border-radius-bottom-right:0px;--awb-border-radius-bottom-left:0px;\" ><div class=\"fusion-builder-row fusion-row\"><div class=\"fusion-layout-column fusion_builder_column fusion-builder-column-0 fusion_builder_column_1_1 1_1 fusion-one-full fusion-column-first fusion-column-last\" style=\"--awb-bg-size:cover;\"><div class=\"fusion-column-wrapper fusion-flex-column-wrapper-legacy\"><h1>Impressum<\/h1>\n\n<h2>Angaben gem\u00e4\u00df \u00a7 5 TMG<\/h2>\n<p>Siegelring GbR<br \/>\nBavariafilmplatz 7<br \/>\n82031 Gr\u00fcnwald<\/p>\n\n<p>Steuernummer: 143\/569\/10363<br \/>\nUSt ID: DE361785831<\/p>\n\n<p><strong>Vertreten durch:<\/strong><br \/>\nBirgit Fischer-H\u00f6per, Laura Siegel & Ralph Siegel<\/p>\n\n<h2>Kontakt<\/h2>\n<p>E-Mail: info@siegelring.eu<\/p>\n\n<h2>Verantwortlich f\u00fcr den Inhalt nach \u00a7 55 Abs. 2 RStV<\/h2>\n<p>Laura Siegel<br \/>\nSiegelring GbR<br \/>\nBavariafilmplatz 7<br \/>\n82031 Gr\u00fcnwald<\/p>\n\n<h2>EU-Streitschlichtung<\/h2>\n<p>Die Europ\u00e4ische Kommission stellt eine Plattform zur Online-Streitbeilegung (OS) bereit: <a href=\"https:\/\/ec.europa.eu\/consumers\/odr\" target=\"_blank\" rel=\"noopener noreferrer\">https:\/\/ec.europa.eu\/consumers\/odr<\/a>.<br \/> Unsere E-Mail-Adresse finden Sie oben im Impressum.<\/p>\n\n<h2>Verbraucher\u00adstreit\u00adbeilegung\/Universal\u00adschlichtungs\u00adstelle<\/h2>\n<p>Wir sind nicht bereit oder verpflichtet, an Streitbeilegungsverfahren vor einer Verbraucherschlichtungsstelle teilzunehmen.<\/p>\n\n<h3>Haftung f\u00fcr Inhalte<\/h3> <p>Als Diensteanbieter sind wir gem\u00e4\u00df \u00a7 7 Abs.1 TMG f\u00fcr eigene Inhalte auf diesen Seiten nach den allgemeinen Gesetzen verantwortlich. Nach \u00a7\u00a7 8 bis 10 TMG sind wir als Diensteanbieter jedoch nicht verpflichtet, \u00fcbermittelte oder gespeicherte fremde Informationen zu \u00fcberwachen oder nach Umst\u00e4nden zu forschen, die auf eine rechtswidrige T\u00e4tigkeit hinweisen.<\/p> <p>Verpflichtungen zur Entfernung oder Sperrung der Nutzung von Informationen nach den allgemeinen Gesetzen bleiben hiervon unber\u00fchrt. Eine diesbez\u00fcgliche Haftung ist jedoch erst ab dem Zeitpunkt der Kenntnis einer konkreten Rechtsverletzung m\u00f6glich. Bei Bekanntwerden von entsprechenden Rechtsverletzungen werden wir diese Inhalte umgehend entfernen.<\/p> <h3>Haftung f\u00fcr Links<\/h3> <p>Unser Angebot enth\u00e4lt Links zu externen Websites Dritter, auf deren Inhalte wir keinen Einfluss haben. Deshalb k\u00f6nnen wir f\u00fcr diese fremden Inhalte auch keine Gew\u00e4hr \u00fcbernehmen. F\u00fcr die Inhalte der verlinkten Seiten ist stets der jeweilige Anbieter oder Betreiber der Seiten verantwortlich. Die verlinkten Seiten wurden zum Zeitpunkt der Verlinkung auf m\u00f6gliche Rechtsverst\u00f6\u00dfe \u00fcberpr\u00fcft. Rechtswidrige Inhalte waren zum Zeitpunkt der Verlinkung nicht erkennbar.<\/p> <p>Eine permanente inhaltliche Kontrolle der verlinkten Seiten ist jedoch ohne konkrete Anhaltspunkte einer Rechtsverletzung nicht zumutbar. Bei Bekanntwerden von Rechtsverletzungen werden wir derartige Links umgehend entfernen.<\/p> <h3>Urheberrecht<\/h3> <p>Die durch die Seitenbetreiber erstellten Inhalte und Werke auf diesen Seiten unterliegen dem deutschen Urheberrecht. Die Vervielf\u00e4ltigung, Bearbeitung, Verbreitung und jede Art der Verwertung au\u00dferhalb der Grenzen des Urheberrechtes bed\u00fcrfen der schriftlichen Zustimmung des jeweiligen Autors bzw. Erstellers. Downloads und Kopien dieser Seite sind nur f\u00fcr den privaten, nicht kommerziellen Gebrauch gestattet.<\/p> <p>Soweit die Inhalte auf dieser Seite nicht vom Betreiber erstellt wurden, werden die Urheberrechte Dritter beachtet. Insbesondere werden Inhalte Dritter als solche gekennzeichnet. Sollten Sie trotzdem auf eine Urheberrechtsverletzung aufmerksam werden, bitten wir um einen entsprechenden Hinweis. Bei Bekanntwerden von Rechtsverletzungen werden wir derartige Inhalte umgehend entfernen.<\/p>\n\n<div class=\"fusion-text fusion-text-1\"><h2 id=\"bildnachweise\">Bildnachweise<\/h2>\n<p>Wir verwenden im Presse-Bereich die Logos von Zeitungen, Zeitschriften und Webseiten. Die Rechte bzgl. dieser Logos liegen in der Regel bei den jeweiligen Verlagen. Wir verwenden diese mit Respekt und ausschlie\u00dflich im Rahmen eines \u201ePressespiegels\u201c und ausschlie\u00dflich zur Verlinkung auf Artikel eben jener Zeitung, Zeitschrift oder Webseite, zu der auch das verwendete Logo geh\u00f6rt. Sind Sie als Rechteinhaber dennoch mit der Verwendung nicht einverstanden, dann bitten wir freundlichst um kurze Mitteilung und wir werden die Verlinkung auf Ihren Artikel inkl. des Logos umgehend entfernen.<\/p>\n<p><img decoding=\"async\" class=\"wp-image-1002 size-thumbnail alignleft\" src=\"https:\/\/dschinghis-khan.com\/wp-content\/uploads\/2018\/06\/Fotolia_202131184_Subscription_Monthly_M-150x150.jpg\" alt=\"\" width=\"150\" height=\"150\" srcset=\"https:\/\/dschinghis-khan.com\/wp-content\/uploads\/2018\/06\/Fotolia_202131184_Subscription_Monthly_M-66x66.jpg 66w, https:\/\/dschinghis-khan.com\/wp-content\/uploads\/2018\/06\/Fotolia_202131184_Subscription_Monthly_M-150x150.jpg 150w\" sizes=\"(max-width: 150px) 100vw, 150px\" \/><\/p>\n<p>St. Basil Cathedral, Red Square, Moscow. Close up vertical orientation<br \/>\n\u00a9\u00a0elen31 \/ Fotolia.com<\/p>\n<\/div><div class=\"fusion-clearfix\"><\/div><\/div><\/div><\/div><\/div>\n","protected":false},"excerpt":{"rendered":"","protected":false},"author":1,"featured_media":0,"parent":0,"menu_order":0,"comment_status":"closed","ping_status":"closed","template":"100-width.php","meta":{"footnotes":""},"class_list":["post-801","page","type-page","status-publish","hentry"],"_links":{"self":[{"href":"https:\/\/dschinghis-khan.com\/ru\/wp-json\/wp\/v2\/pages\/801","targetHints":{"allow":["GET"]}}],"collection":[{"href":"https:\/\/dschinghis-khan.com\/ru\/wp-json\/wp\/v2\/pages"}],"about":[{"href":"https:\/\/dschinghis-khan.com\/ru\/wp-json\/wp\/v2\/types\/page"}],"author":[{"embeddable":true,"href":"https:\/\/dschinghis-khan.com\/ru\/wp-json\/wp\/v2\/users\/1"}],"replies":[{"embeddable":true,"href":"https:\/\/dschinghis-khan.com\/ru\/wp-json\/wp\/v2\/comments?post=801"}],"version-history":[{"count":21,"href":"https:\/\/dschinghis-khan.com\/ru\/wp-json\/wp\/v2\/pages\/801\/revisions"}],"predecessor-version":[{"id":1883,"href":"https:\/\/dschinghis-khan.com\/ru\/wp-json\/wp\/v2\/pages\/801\/revisions\/1883"}],"wp:attachment":[{"href":"https:\/\/dschinghis-khan.com\/ru\/wp-json\/wp\/v2\/media?parent=801"}],"curies":[{"name":"wp","href":"https:\/\/api.w.org\/{rel}","templated":true}]}}